{"id":6116,"date":"2017-07-31T16:02:02","date_gmt":"2017-07-31T15:02:02","guid":{"rendered":"https:\/\/electricite-navale-industrielle.fr\/terms-and-conditions\/"},"modified":"2021-05-25T14:40:39","modified_gmt":"2021-05-25T13:40:39","slug":"mentions-legales","status":"publish","type":"page","link":"https:\/\/electricite-navale-industrielle.fr\/fr\/mentions-legales\/","title":{"rendered":"Mentions l\u00e9gales"},"content":{"rendered":"<div class=\"wpb-content-wrapper\">[mk_page_section][vc_column][vc_row_inner attached=\u00a0\u00bbtrue\u00a0\u00bb is_fullwidth_content=\u00a0\u00bbfalse\u00a0\u00bb css=\u00a0\u00bb.vc_custom_1500984844793{padding-right: 10px !important;padding-left: 10px !important;}\u00a0\u00bb][vc_column_inner width=\u00a0\u00bb2\/3&Prime; css=\u00a0\u00bb.vc_custom_1475766579875{padding-right: 20px !important;padding-left: 20px !important;}\u00a0\u00bb][mk_fancy_title tag_name=\u00a0\u00bbh1&Prime; size=\u00a0\u00bb42&Prime; margin_bottom=\u00a0\u00bb0&Prime; font_family=\u00a0\u00bbnone\u00a0\u00bb responsive_align=\u00a0\u00bbleft\u00a0\u00bb]Mentions l\u00e9gales[\/mk_fancy_title][vc_separator color=\u00a0\u00bbcustom\u00a0\u00bb align=\u00a0\u00bbalign_left\u00a0\u00bb border_width=\u00a0\u00bb10&Prime; el_width=\u00a0\u00bb10&Prime; accent_color=\u00a0\u00bb#314387&Prime;][\/vc_column_inner][vc_column_inner width=\u00a0\u00bb1\/3&Prime;][\/vc_column_inner][\/vc_row_inner][vc_row_inner][vc_column_inner][vc_column_text]Ce site est la propri\u00e9t\u00e9 de E.N.I dont le si\u00e8ge social est situ\u00e9 :<br \/>\n7, rue Victor Basch, Avenue Camusso, 13600 LA CIOTAT<br \/>\nT\u00e9l +33 442017677 \u2013 Fax +33 442326779<\/p>\n<p>Ce site fournit des informations sur E.N.I. En utilisant ce site, le visiteur reconna\u00eet avoir eu la possibilit\u00e9 de prendre connaissance des mentions l\u00e9gales.<\/p>\n<p>Sauf mention contraire, les droits de propri\u00e9t\u00e9 intellectuelle sur les documents contenus dans le site et chacun des \u00e9l\u00e9ments cr\u00e9\u00e9s pour ce site sont la propri\u00e9t\u00e9 exclusive de E.N.I. La reproduction de tous documents publi\u00e9s sur le site est seulement autoris\u00e9e aux fins exclusives d\u2019information pour un usage personnel et priv\u00e9, toute reproduction et toute utilisation de copies r\u00e9alis\u00e9es \u00e0 d\u2019autres fins \u00e9tant express\u00e9ment interdite.<\/p>\n<p>E.N.I s\u2019efforcera d\u2019assurer l\u2019exactitude et la mise \u00e0 jour des informations diffus\u00e9es sur ce site, dont elle se r\u00e9serve le droit de corriger, \u00e0 tout moment et sans pr\u00e9avis, le contenu. E.N.I n\u2019ayant pas le contr\u00f4le de toutes les sources des informations auxquelles elle donne acc\u00e8s et compte tenu de la complexit\u00e9 des traitements des informations, elle ne peut \u00eatre tenue pour responsable des erreurs ou omissions des donn\u00e9es affich\u00e9es. Il appartient au visiteur du site de v\u00e9rifier l\u2019information par d\u2019autres moyens, y compris en contactant E.N.I.<\/p>\n<p>Les contenus, textes et photos ont \u00e9t\u00e9 publi\u00e9s \u00e0 la demande de la soci\u00e9t\u00e9 E.N.I responsable des contenus apparaissant sur ce site.<\/p>\n<p>E.N.I ne pourra en aucun cas \u00eatre engag\u00e9e du fait des informations diffus\u00e9es sur les sites vers lesquels des liens ont \u00e9t\u00e9 cr\u00e9\u00e9s.<\/p>\n<p>&nbsp;<\/p>\n<h4>Cr\u00e9dits photos :<\/h4>\n<p>Copyright \u00a9 E.N.I<\/p>\n<p>&nbsp;<\/p>\n<h4>R\u00e9alisation et h\u00e9bergement :<\/h4>\n<p>Ce site a \u00e9t\u00e9 con\u00e7u par l\u2019agence An(i)mage,<br \/>\ndont le si\u00e8ge social est situ\u00e9 Immeuble \u00ab Le Verdi \u00bb, rue Joseph Lafond, 13400 AUBAGNE (<a href=\"http:\/\/www.animage.fr\" target=\"_blank\" rel=\"noopener\">www.an(i)mage.fr<\/a>).[\/vc_column_text][mk_padding_divider][\/vc_column_inner][\/vc_row_inner][\/vc_column][\/mk_page_section]\n<\/div>","protected":false},"excerpt":{"rendered":"<p>[mk_page_section][vc_column][vc_row_inner attached=\u00a0\u00bbtrue\u00a0\u00bb is_fullwidth_content=\u00a0\u00bbfalse\u00a0\u00bb css=\u00a0\u00bb.vc_custom_1500984844793{padding-right: 10px !important;padding-left: 10px !important;}\u00a0\u00bb][vc_column_inner width=\u00a0\u00bb2\/3&Prime; css=\u00a0\u00bb.vc_custom_1475766579875{padding-right: 20px !important;padding-left: 20px !important;}\u00a0\u00bb][mk_fancy_title tag_name=\u00a0\u00bbh1&Prime; size=\u00a0\u00bb42&Prime; margin_bottom=\u00a0\u00bb0&Prime; font_family=\u00a0\u00bbnone\u00a0\u00bb responsive_align=\u00a0\u00bbleft\u00a0\u00bb]Mentions l\u00e9gales[\/mk_fancy_title][vc_separator color=\u00a0\u00bbcustom\u00a0\u00bb align=\u00a0\u00bbalign_left\u00a0\u00bb border_width=\u00a0\u00bb10&Prime; el_width=\u00a0\u00bb10&Prime; accent_color=\u00a0\u00bb#314387&Prime;][\/vc_column_inner][vc_column_inner width=\u00a0\u00bb1\/3&Prime;][\/vc_column_inner][\/vc_row_inner][vc_row_inner][vc_column_inner][vc_column_text]Ce site est la propri\u00e9t\u00e9 de E.N.I dont le si\u00e8ge social est situ\u00e9 : 7, rue Victor Basch, Avenue Camusso, 13600 LA CIOTAT T\u00e9l +33 442017677 \u2013 Fax +33 442326779 [&hellip;]<\/p>\n","protected":false},"author":9,"featured_media":0,"parent":0,"menu_order":50,"comment_status":"closed","ping_status":"closed","template":"","meta":{"_exactmetrics_skip_tracking":false,"_exactmetrics_sitenote_active":false,"_exactmetrics_sitenote_note":"","_exactmetrics_sitenote_category":0,"footnotes":""},"class_list":["post-6116","page","type-page","status-publish","hentry"],"aioseo_notices":[],"_links":{"self":[{"href":"https:\/\/electricite-navale-industrielle.fr\/fr\/wp-json\/wp\/v2\/pages\/6116","targetHints":{"allow":["GET"]}}],"collection":[{"href":"https:\/\/electricite-navale-industrielle.fr\/fr\/wp-json\/wp\/v2\/pages"}],"about":[{"href":"https:\/\/electricite-navale-industrielle.fr\/fr\/wp-json\/wp\/v2\/types\/page"}],"author":[{"embeddable":true,"href":"https:\/\/electricite-navale-industrielle.fr\/fr\/wp-json\/wp\/v2\/users\/9"}],"replies":[{"embeddable":true,"href":"https:\/\/electricite-navale-industrielle.fr\/fr\/wp-json\/wp\/v2\/comments?post=6116"}],"version-history":[{"count":5,"href":"https:\/\/electricite-navale-industrielle.fr\/fr\/wp-json\/wp\/v2\/pages\/6116\/revisions"}],"predecessor-version":[{"id":6205,"href":"https:\/\/electricite-navale-industrielle.fr\/fr\/wp-json\/wp\/v2\/pages\/6116\/revisions\/6205"}],"wp:attachment":[{"href":"https:\/\/electricite-navale-industrielle.fr\/fr\/wp-json\/wp\/v2\/media?parent=6116"}],"curies":[{"name":"wp","href":"https:\/\/api.w.org\/{rel}","templated":true}]}}